{"id":23282,"date":"2024-02-25T00:03:29","date_gmt":"2024-02-25T05:03:29","guid":{"rendered":"https:\/\/garagematchcanada.ca\/estimates\/blog\/?page_id=23282"},"modified":"2024-02-26T16:36:07","modified_gmt":"2024-02-26T21:36:07","slug":"garage-match-blog","status":"publish","type":"page","link":"https:\/\/garagematchcanada.ca\/estimates\/blog\/fr\/blog-garage-match\/","title":{"rendered":"Application de recherche de services de voiture ultime"},"content":{"rendered":"<h2>Application de recherche de services automobiles<\/h2>\n<p>D\u00e9couvrez la commodit\u00e9 de Garage Match Canada, la premi\u00e8re application de recherche de services automobiles qui rend les recherches de garage sans effort.<\/p>","protected":false},"excerpt":{"rendered":"<p>Application de recherche de services automobiles D\u00e9couvrez la commodit\u00e9 de Garage Match Canada, le premier service automobile...<\/p>","protected":false},"author":1,"featured_media":0,"parent":0,"menu_order":0,"comment_status":"closed","ping_status":"closed","template":"template-blank.php","meta":{"footnotes":""},"_links":{"self":[{"href":"https:\/\/garagematchcanada.ca\/estimates\/blog\/fr\/wp-json\/wp\/v2\/pages\/23282"}],"collection":[{"href":"https:\/\/garagematchcanada.ca\/estimates\/blog\/fr\/wp-json\/wp\/v2\/pages"}],"about":[{"href":"https:\/\/garagematchcanada.ca\/estimates\/blog\/fr\/wp-json\/wp\/v2\/types\/page"}],"author":[{"embeddable":true,"href":"https:\/\/garagematchcanada.ca\/estimates\/blog\/fr\/wp-json\/wp\/v2\/users\/1"}],"replies":[{"embeddable":true,"href":"https:\/\/garagematchcanada.ca\/estimates\/blog\/fr\/wp-json\/wp\/v2\/comments?post=23282"}],"version-history":[{"count":5,"href":"https:\/\/garagematchcanada.ca\/estimates\/blog\/fr\/wp-json\/wp\/v2\/pages\/23282\/revisions"}],"predecessor-version":[{"id":23317,"href":"https:\/\/garagematchcanada.ca\/estimates\/blog\/fr\/wp-json\/wp\/v2\/pages\/23282\/revisions\/23317"}],"wp:attachment":[{"href":"https:\/\/garagematchcanada.ca\/estimates\/blog\/fr\/wp-json\/wp\/v2\/media?parent=23282"}],"curies":[{"name":"wp","href":"https:\/\/api.w.org\/{rel}","templated":true}]}}