{"id":23318,"date":"2024-02-26T17:10:20","date_gmt":"2024-02-26T22:10:20","guid":{"rendered":"https:\/\/garagematchcanada.ca\/estimates\/blog\/?page_id=23318"},"modified":"2024-02-26T17:19:39","modified_gmt":"2024-02-26T22:19:39","slug":"garagematch-user-guide","status":"publish","type":"page","link":"https:\/\/garagematchcanada.ca\/estimates\/blog\/fr\/garagematch-guide-utilisateur\/","title":{"rendered":"Guide de l&#039;utilisateur GarageMatch"},"content":{"rendered":"<p>Exploitez tout le potentiel de GarageMatch gr\u00e2ce \u00e0 notre guide d&#039;utilisation complet. Ma\u00eetrisez toutes les fonctionnalit\u00e9s et optimisez votre recherche de garage d\u00e8s aujourd&#039;hui\u00a0!<\/p>","protected":false},"excerpt":{"rendered":"<p>Exploitez tout le potentiel de GarageMatch gr\u00e2ce \u00e0 notre guide d&#039;utilisation complet. Ma\u00eetrisez toutes les fonctionnalit\u00e9s et\u2026<\/p>","protected":false},"author":1,"featured_media":0,"parent":0,"menu_order":0,"comment_status":"closed","ping_status":"closed","template":"template-user-guide.php","meta":{"footnotes":""},"_links":{"self":[{"href":"https:\/\/garagematchcanada.ca\/estimates\/blog\/fr\/wp-json\/wp\/v2\/pages\/23318"}],"collection":[{"href":"https:\/\/garagematchcanada.ca\/estimates\/blog\/fr\/wp-json\/wp\/v2\/pages"}],"about":[{"href":"https:\/\/garagematchcanada.ca\/estimates\/blog\/fr\/wp-json\/wp\/v2\/types\/page"}],"author":[{"embeddable":true,"href":"https:\/\/garagematchcanada.ca\/estimates\/blog\/fr\/wp-json\/wp\/v2\/users\/1"}],"replies":[{"embeddable":true,"href":"https:\/\/garagematchcanada.ca\/estimates\/blog\/fr\/wp-json\/wp\/v2\/comments?post=23318"}],"version-history":[{"count":1,"href":"https:\/\/garagematchcanada.ca\/estimates\/blog\/fr\/wp-json\/wp\/v2\/pages\/23318\/revisions"}],"predecessor-version":[{"id":23319,"href":"https:\/\/garagematchcanada.ca\/estimates\/blog\/fr\/wp-json\/wp\/v2\/pages\/23318\/revisions\/23319"}],"wp:attachment":[{"href":"https:\/\/garagematchcanada.ca\/estimates\/blog\/fr\/wp-json\/wp\/v2\/media?parent=23318"}],"curies":[{"name":"wp","href":"https:\/\/api.w.org\/{rel}","templated":true}]}}